{"id":54,"date":"2025-04-16T21:08:11","date_gmt":"2025-04-16T18:08:11","guid":{"rendered":"https:\/\/teknikisitesisat.com\/?page_id=54"},"modified":"2025-04-16T21:08:11","modified_gmt":"2025-04-16T18:08:11","slug":"iletisim","status":"publish","type":"page","link":"https:\/\/teknikisitesisat.com\/?page_id=54","title":{"rendered":"\u0130leti\u015fim"},"content":{"rendered":"\n<figure class=\"wp-block-table\"><table class=\"has-fixed-layout\"><tbody><tr><td><img decoding=\"async\" alt=\"\" src=\"\/Users\/_root\/images\/logo(1).jpg\"><br>Mescit Mah. Atat\u00fcrk Cad. No:59 Kat:1 D:12 Orhanl\u0131 Tuzla\/\u0130STANBUL<br>Orhanl\u0131 Tuzla Hizmet Binas\u0131 Kar\u015f\u0131s\u0131 Tel. (0216) 394 44 17 Fax (0216) 394 44 74 M. Ali YILDIZ Gsm (0532) 315 68 56 Kemal YILDIZ Gsm (0533) 770 57 86 Cemal YILDIZ Gsm (0533) 725 19 83 Email <a href=\"mailto:info@teknikisitesisat.com\">info@teknikisitesisat.com<\/a><\/td><\/tr><\/tbody><\/table><\/figure>\n\n\n\n<p><\/p>\n\n\n\n<p><br><small><a href=\"http:\/\/maps.google.com\/maps?f=d&amp;source=embed&amp;saddr=&amp;daddr=40.897992,29.354793&amp;geocode=&amp;hl=tr&amp;mra=dme&amp;mrcr=0&amp;mrsp=1&amp;sz=17&amp;sll=40.898017,29.355243&amp;sspn=0.003763,0.009602&amp;ie=UTF8&amp;ll=40.898017,29.355243&amp;spn=0.003763,0.009602\">Daha B\u00fcy\u00fck Haritay\u0131 G\u00f6r\u00fcnt\u00fcle<\/a><\/small><\/p>\n","protected":false},"excerpt":{"rendered":"<p>Mescit Mah. Atat\u00fcrk Cad. No:59 Kat:1 D:12 Orhanl\u0131 Tuzla\/\u0130STANBULOrhanl\u0131 Tuzla Hizmet Binas\u0131 Kar\u015f\u0131s\u0131 Tel. (0216) 394 44 17 Fax (0216) 394 44 74 M. Ali YILDIZ Gsm (0532) 315 68 56 Kemal YILDIZ Gsm (0533) 770 57 86 Cemal YILDIZ Gsm (0533) 725 19 83 Email info@teknikisitesisat.com Daha B\u00fcy\u00fck Haritay\u0131 G\u00f6r\u00fcnt\u00fcle<\/p>\n","protected":false},"author":1,"featured_media":0,"parent":0,"menu_order":0,"comment_status":"closed","ping_status":"closed","template":"","meta":{"saved_in_kubio":false,"footnotes":""},"class_list":["post-54","page","type-page","status-publish","hentry"],"kubio_ai_page_context":{"short_desc":"","purpose":"general"},"_links":{"self":[{"href":"https:\/\/teknikisitesisat.com\/index.php?rest_route=\/wp\/v2\/pages\/54","targetHints":{"allow":["GET"]}}],"collection":[{"href":"https:\/\/teknikisitesisat.com\/index.php?rest_route=\/wp\/v2\/pages"}],"about":[{"href":"https:\/\/teknikisitesisat.com\/index.php?rest_route=\/wp\/v2\/types\/page"}],"author":[{"embeddable":true,"href":"https:\/\/teknikisitesisat.com\/index.php?rest_route=\/wp\/v2\/users\/1"}],"replies":[{"embeddable":true,"href":"https:\/\/teknikisitesisat.com\/index.php?rest_route=%2Fwp%2Fv2%2Fcomments&post=54"}],"version-history":[{"count":1,"href":"https:\/\/teknikisitesisat.com\/index.php?rest_route=\/wp\/v2\/pages\/54\/revisions"}],"predecessor-version":[{"id":55,"href":"https:\/\/teknikisitesisat.com\/index.php?rest_route=\/wp\/v2\/pages\/54\/revisions\/55"}],"wp:attachment":[{"href":"https:\/\/teknikisitesisat.com\/index.php?rest_route=%2Fwp%2Fv2%2Fmedia&parent=54"}],"curies":[{"name":"wp","href":"https:\/\/api.w.org\/{rel}","templated":true}]}}